{"id":8445,"date":"2012-01-29T00:44:17","date_gmt":"2012-01-29T00:44:17","guid":{"rendered":"http:\/\/nordkapp-havfiske.local\/kontakt-2\/"},"modified":"2026-04-02T13:12:56","modified_gmt":"2026-04-02T11:12:56","slug":"kontakt","status":"publish","type":"page","link":"https:\/\/nordkapphavfiske.com\/ru\/kontakt\/","title":{"rendered":"\u0421\u0432\u044f\u0437\u0430\u0442\u044c\u0441\u044f"},"content":{"rendered":"<p style=\"text-align: left;\"><strong>\u041a\u043e\u043d\u0442\u0430\u043a\u0442\u043d\u043e\u0435 \u043b\u0438\u0446\u043e:<\/strong> \u0422\u0443\u0440 \u2013 \u0421\u0432\u0435\u0440\u0440\u0435 \u0425\u0430\u043d\u0441\u0435\u043d<\/p>\n<p><strong>\u0410\u0434\u0440\u0435\u0441:<\/strong>&nbsp;<br \/>\nNordkapp Havfiske<br \/>\nSj\u00f8veien 31, Kam\u00f8yv\u00e6r<br \/>\n9750 Honningsv\u00e5g<br \/>\nNORGE<\/p>\n<p style=\"text-align: left;\"><strong>\u041c\u043e\u0431\u0438\u043b\u044c\u043d\u044b\u0439 \u0442\u0435\u043b\u0435\u0444\u043e\u043d:<\/strong> +47 90 19 27 90<\/p>\n<p><strong>Whatsapp:&nbsp;<a href=\"https:\/\/wa.link\/qzhkb3\">+47 901 92 790<\/a><\/strong><\/p>\n<p style=\"text-align: left;\"><strong>\u0410\u0434\u0440\u0435\u0441 \u044d\u043b.\u043f\u043e\u0447\u0442\u044b:<\/strong> <a href=\"mailto:post@nordkapphavfiske.com\">post@nordkapphavfiske.com<\/a><\/p>\n<p style=\"text-align: left;\"><strong>\u0420\u0435\u0433\u0438\u0441\u0442\u0440\u0430\u0446\u0438\u043e\u043d\u043d\u044b\u0439 \u043d\u043e\u043c\u0435\u0440 \u043e\u0440\u0433\u0430\u043d\u0438\u0437\u0430\u0446\u0438\u0438:<\/strong> 987156716<\/p>\n<h2><span style=\"font-size: 16px;\">Kontaktskjema<\/span><\/h2>\n\n<div class=\"wpcf7 no-js\" id=\"wpcf7-f8162-o1\" lang=\"en-US\" dir=\"ltr\" data-wpcf7-id=\"8162\">\n<div class=\"screen-reader-response\"><p role=\"status\" aria-live=\"polite\" aria-atomic=\"true\"><\/p> <ul><\/ul><\/div>\n<form action=\"\/ru\/wp-json\/wp\/v2\/pages\/8445#wpcf7-f8162-o1\" method=\"post\" class=\"wpcf7-form init\" aria-label=\"Contact form\" novalidate=\"novalidate\" data-status=\"init\">\n<fieldset class=\"hidden-fields-container\"><input type=\"hidden\" name=\"_wpcf7\" value=\"8162\" \/><input type=\"hidden\" name=\"_wpcf7_version\" value=\"6.1.5\" \/><input type=\"hidden\" name=\"_wpcf7_locale\" value=\"en_US\" \/><input type=\"hidden\" name=\"_wpcf7_unit_tag\" value=\"wpcf7-f8162-o1\" \/><input type=\"hidden\" name=\"_wpcf7_container_post\" value=\"0\" \/><input type=\"hidden\" name=\"_wpcf7_posted_data_hash\" value=\"\" \/><input type=\"hidden\" name=\"_wpcf7_recaptcha_response\" value=\"\" \/>\n<\/fieldset>\n<p><span class=\"b-float\">Navn(*)<\/span><br \/>\n<span class=\"b-floatr\"> <span class=\"wpcf7-form-control-wrap\" data-name=\"your-name\"><input size=\"20\" maxlength=\"400\" class=\"wpcf7-form-control wpcf7-text wpcf7-validates-as-required\" aria-required=\"true\" aria-invalid=\"false\" value=\"\" type=\"text\" name=\"your-name\" \/><\/span> <\/span>\n<\/p>\n<div class=clear>\n<\/div>\n<p><span class=\"b-float\">E-post(*)<\/span><br \/>\n<span class=\"b-floatr\"><span class=\"wpcf7-form-control-wrap\" data-name=\"your-email\"><input size=\"20\" maxlength=\"400\" class=\"wpcf7-form-control wpcf7-email wpcf7-validates-as-required wpcf7-text wpcf7-validates-as-email\" aria-required=\"true\" aria-invalid=\"false\" value=\"\" type=\"email\" name=\"your-email\" \/><\/span> <\/span>\n<\/p>\n<div class=clear>\n<\/div>\n<p><span class=\"b-float\">Melding <\/span><br \/>\n<span class=\"b-floatr\"><span class=\"wpcf7-form-control-wrap\" data-name=\"your-message\"><textarea cols=\"20\" rows=\"5\" maxlength=\"2000\" class=\"wpcf7-form-control wpcf7-textarea\" aria-invalid=\"false\" name=\"your-message\"><\/textarea><\/span> <\/span>\n<\/p>\n<div class=clear>\n<\/div>\n<p><input class=\"wpcf7-form-control wpcf7-submit has-spinner\" type=\"submit\" value=\"Send\" \/>\n<\/p><div class=\"wpcf7-response-output\" aria-hidden=\"true\"><\/div>\n<\/form>\n<\/div>\n\n","protected":false},"excerpt":{"rendered":"<p>\u041a\u043e\u043d\u0442\u0430\u043a\u0442\u043d\u043e\u0435 \u043b\u0438\u0446\u043e: \u0422\u0443\u0440 \u2013 \u0421\u0432\u0435\u0440\u0440\u0435 \u0425\u0430\u043d\u0441\u0435\u043d \u0410\u0434\u0440\u0435\u0441:&nbsp; Nordkapp Havfiske Sj\u00f8veien 31, Kam\u00f8yv\u00e6r 9750 Honningsv\u00e5g NORGE \u041c\u043e\u0431\u0438\u043b\u044c\u043d\u044b\u0439 \u0442\u0435\u043b\u0435\u0444\u043e\u043d: +47 90 19 27 90 Whatsapp:&nbsp;+47 901 92 790 \u0410\u0434\u0440\u0435\u0441 \u044d\u043b.\u043f\u043e\u0447\u0442\u044b: post@nordkapphavfiske.com \u0420\u0435\u0433\u0438\u0441\u0442\u0440\u0430\u0446\u0438\u043e\u043d\u043d\u044b\u0439 \u043d\u043e\u043c\u0435\u0440 \u043e\u0440\u0433\u0430\u043d\u0438\u0437\u0430\u0446\u0438\u0438: 987156716 Kontaktskjema<\/p>\n","protected":false},"author":1,"featured_media":0,"parent":0,"menu_order":9,"comment_status":"closed","ping_status":"open","template":"","meta":{"_monsterinsights_skip_tracking":false,"_monsterinsights_sitenote_active":false,"_monsterinsights_sitenote_note":"","_monsterinsights_sitenote_category":0,"ngg_post_thumbnail":0,"footnotes":""},"class_list":["post-8445","page","type-page","status-publish"],"aioseo_notices":[],"_links":{"self":[{"href":"https:\/\/nordkapphavfiske.com\/ru\/wp-json\/wp\/v2\/pages\/8445","targetHints":{"allow":["GET"]}}],"collection":[{"href":"https:\/\/nordkapphavfiske.com\/ru\/wp-json\/wp\/v2\/pages"}],"about":[{"href":"https:\/\/nordkapphavfiske.com\/ru\/wp-json\/wp\/v2\/types\/page"}],"author":[{"embeddable":true,"href":"https:\/\/nordkapphavfiske.com\/ru\/wp-json\/wp\/v2\/users\/1"}],"replies":[{"embeddable":true,"href":"https:\/\/nordkapphavfiske.com\/ru\/wp-json\/wp\/v2\/comments?post=8445"}],"version-history":[{"count":2,"href":"https:\/\/nordkapphavfiske.com\/ru\/wp-json\/wp\/v2\/pages\/8445\/revisions"}],"predecessor-version":[{"id":13766,"href":"https:\/\/nordkapphavfiske.com\/ru\/wp-json\/wp\/v2\/pages\/8445\/revisions\/13766"}],"wp:attachment":[{"href":"https:\/\/nordkapphavfiske.com\/ru\/wp-json\/wp\/v2\/media?parent=8445"}],"curies":[{"name":"wp","href":"https:\/\/api.w.org\/{rel}","templated":true}]}}