{"id":8277,"date":"2012-02-01T21:40:04","date_gmt":"2012-02-01T21:40:04","guid":{"rendered":"http:\/\/nordkapp-havfiske.local\/om-kamoyvaer-2\/"},"modified":"2025-04-30T16:37:40","modified_gmt":"2025-04-30T14:37:40","slug":"om-kamoyvaer","status":"publish","type":"page","link":"https:\/\/nordkapphavfiske.com\/en\/om-kamoyvaer\/","title":{"rendered":"Kam\u00f8yv\u00e6r"},"content":{"rendered":"\n<p align=\"left\">Kam\u00f8yv\u00e6r ligger 12 km fra Honningsv\u00e5g, ved veien til Nordkapp, innerst i Kam\u00f8yfjorden.<br>F\u00f8rst omkring \u00e5rhundreskiftet bosatte folk seg her, og i dag bor det ca 70 mennesker i<br>fiskev\u00e6ret. Kam\u00f8yv\u00e6r var endepunkt for en liten &#8220;folkevandring&#8221; for ca 110 \u00e5r siden.<\/p>\n<p align=\"left\">Fiskefamilier flyttet hit fra de utsatte stedene ved ishavskysten. Sj\u00f8samer slo seg ned her og fra \u00f8st kom innvandrere fra de finske skogene. Tre ulike kulturer m\u00f8ttes og tre forskjellige spr\u00e5k var \u00e5 h\u00f8re p\u00e5 kaiene i Kam\u00f8yv\u00e6r. Men norsk dominerte etter hvert, og i dag er de etniske grensene nesten utjevnet.<\/p>\n<p>Hovedn\u00e6ringen i v\u00e6ret er fiskeri samt en del turisme sommertid. Kam\u00f8yv\u00e6r er et ypperlig utgangspunkt for havfisketurer da Kam\u00f8yfjorden er en av Europas mest fiskerike fjorder. I tillegg ligger det et lite fuglefjell et stykke ut i fjorden som kan v\u00e6re vel verdt et bes\u00f8k en godv\u00e6rsdag.<\/p>\n\n\n<p style=\"text-align: left;\" align=\"left\"><img loading=\"lazy\" decoding=\"async\" class=\" size-full wp-image-29\" title=\"Karm\u00f8yv\u00e6r\" src=\"https:\/\/nordkapphavfiske.com\/wp-content\/uploads\/2012\/02\/karmoyvaer1.jpg\" alt=\"Karm\u00f8yv\u00e6r\" width=\"600\" height=\"400\" srcset=\"https:\/\/nordkapphavfiske.com\/wp-content\/uploads\/2012\/02\/karmoyvaer1.jpg 600w, https:\/\/nordkapphavfiske.com\/wp-content\/uploads\/2012\/02\/karmoyvaer1-300x200.jpg 300w\" sizes=\"auto, (max-width: 600px) 100vw, 600px\" \/><\/p>\n<p>&nbsp;<\/p>","protected":false},"excerpt":{"rendered":"<p>Kam\u00f8yv\u00e6r ligger 12 km fra Honningsv\u00e5g, ved veien til Nordkapp, innerst i Kam\u00f8yfjorden.F\u00f8rst omkring \u00e5rhundreskiftet bosatte folk seg her, og i dag bor det ca 70 mennesker ifiskev\u00e6ret. Kam\u00f8yv\u00e6r var endepunkt for en liten &#8220;folkevandring&#8221; for ca 110 \u00e5r siden. Fiskefamilier flyttet hit fra de utsatte stedene ved ishavskysten. Sj\u00f8samer slo seg ned her og &#8230; <a title=\"Kam\u00f8yv\u00e6r\" class=\"read-more\" href=\"https:\/\/nordkapphavfiske.com\/en\/om-kamoyvaer\/\" aria-label=\"Read more about Kam\u00f8yv\u00e6r\">Read more<\/a><\/p>\n","protected":false},"author":1,"featured_media":0,"parent":0,"menu_order":2,"comment_status":"closed","ping_status":"open","template":"","meta":{"_monsterinsights_skip_tracking":false,"_monsterinsights_sitenote_active":false,"_monsterinsights_sitenote_note":"","_monsterinsights_sitenote_category":0,"ngg_post_thumbnail":0,"footnotes":""},"class_list":["post-8277","page","type-page","status-publish"],"aioseo_notices":[],"_links":{"self":[{"href":"https:\/\/nordkapphavfiske.com\/en\/wp-json\/wp\/v2\/pages\/8277","targetHints":{"allow":["GET"]}}],"collection":[{"href":"https:\/\/nordkapphavfiske.com\/en\/wp-json\/wp\/v2\/pages"}],"about":[{"href":"https:\/\/nordkapphavfiske.com\/en\/wp-json\/wp\/v2\/types\/page"}],"author":[{"embeddable":true,"href":"https:\/\/nordkapphavfiske.com\/en\/wp-json\/wp\/v2\/users\/1"}],"replies":[{"embeddable":true,"href":"https:\/\/nordkapphavfiske.com\/en\/wp-json\/wp\/v2\/comments?post=8277"}],"version-history":[{"count":1,"href":"https:\/\/nordkapphavfiske.com\/en\/wp-json\/wp\/v2\/pages\/8277\/revisions"}],"predecessor-version":[{"id":13599,"href":"https:\/\/nordkapphavfiske.com\/en\/wp-json\/wp\/v2\/pages\/8277\/revisions\/13599"}],"wp:attachment":[{"href":"https:\/\/nordkapphavfiske.com\/en\/wp-json\/wp\/v2\/media?parent=8277"}],"curies":[{"name":"wp","href":"https:\/\/api.w.org\/{rel}","templated":true}]}}