{"id":8270,"date":"2012-02-20T22:06:39","date_gmt":"2012-02-20T22:06:39","guid":{"rendered":"http:\/\/nordkapp-havfiske.local\/fiskemuligheter-2\/"},"modified":"2021-06-18T06:26:25","modified_gmt":"2021-06-18T06:26:25","slug":"fiskemuligheter","status":"publish","type":"page","link":"https:\/\/nordkapphavfiske.com\/en\/fiskemuligheter\/","title":{"rendered":"Fiskemuligheter"},"content":{"rendered":"<h3 style=\"text-align: left;\">5 lakseelver og tusenvis av fiskevann<\/h3>\n<p style=\"text-align: left;\"><img decoding=\"async\" class=\" alignright size-full wp-image-31\" style=\"margin-left: 30px; float: right;\" title=\"Elvefiske hos Nordkapp Havfiske\" alt=\"Elvefiske hos Nordkapp Havfiske\" src=\"https:\/\/nordkapphavfiske.com\/wp-content\/uploads\/2012\/02\/elvefiske.jpg\" width=\"300\" srcset=\"https:\/\/nordkapphavfiske.com\/wp-content\/uploads\/2012\/02\/elvefiske.jpg 500w, https:\/\/nordkapphavfiske.com\/wp-content\/uploads\/2012\/02\/elvefiske-300x225.jpg 300w\" sizes=\"(max-width: 500px) 100vw, 500px\" \/>Landskapet rundt best\u00e5r av spredt fjellbj\u00f8rkeskog og karrige fjellformasjoner. Plassen er et fantastisk utgangspunkt for b\u00e5de jakt og fiske, samt turvandring i en av norges vakreste nasjonalparker. Inngangen til Stabbursdalen nasjonalpark ligger kun et steinkast fra hytta. Innen en avstand av kun 1 time med bil, finner du ikke mindre enn 5 flotte lakseelver. Her er tusenvis av fiskerike vann med b\u00e5de \u00f8rret og r\u00f8ye, samt store omr\u00e5der med godt og variert jaktterreng.<\/p>\n","protected":false},"excerpt":{"rendered":"<p>5 lakseelver og tusenvis av fiskevann Landskapet rundt best\u00e5r av spredt fjellbj\u00f8rkeskog og karrige fjellformasjoner. Plassen er et fantastisk utgangspunkt for b\u00e5de jakt og fiske, samt turvandring i en av norges vakreste nasjonalparker. Inngangen til Stabbursdalen nasjonalpark ligger kun et steinkast fra hytta. Innen en avstand av kun 1 time med bil, finner du ikke &#8230; <a title=\"Fiskemuligheter\" class=\"read-more\" href=\"https:\/\/nordkapphavfiske.com\/en\/fiskemuligheter\/\" aria-label=\"Read more about Fiskemuligheter\">Read more<\/a><\/p>\n","protected":false},"author":1,"featured_media":12474,"parent":0,"menu_order":2,"comment_status":"closed","ping_status":"open","template":"","meta":{"_monsterinsights_skip_tracking":false,"_monsterinsights_sitenote_active":false,"_monsterinsights_sitenote_note":"","_monsterinsights_sitenote_category":0,"ngg_post_thumbnail":0,"footnotes":""},"class_list":["post-8270","page","type-page","status-publish","has-post-thumbnail"],"aioseo_notices":[],"_links":{"self":[{"href":"https:\/\/nordkapphavfiske.com\/en\/wp-json\/wp\/v2\/pages\/8270","targetHints":{"allow":["GET"]}}],"collection":[{"href":"https:\/\/nordkapphavfiske.com\/en\/wp-json\/wp\/v2\/pages"}],"about":[{"href":"https:\/\/nordkapphavfiske.com\/en\/wp-json\/wp\/v2\/types\/page"}],"author":[{"embeddable":true,"href":"https:\/\/nordkapphavfiske.com\/en\/wp-json\/wp\/v2\/users\/1"}],"replies":[{"embeddable":true,"href":"https:\/\/nordkapphavfiske.com\/en\/wp-json\/wp\/v2\/comments?post=8270"}],"version-history":[{"count":0,"href":"https:\/\/nordkapphavfiske.com\/en\/wp-json\/wp\/v2\/pages\/8270\/revisions"}],"wp:featuredmedia":[{"embeddable":true,"href":"https:\/\/nordkapphavfiske.com\/en\/wp-json\/wp\/v2\/media\/12474"}],"wp:attachment":[{"href":"https:\/\/nordkapphavfiske.com\/en\/wp-json\/wp\/v2\/media?parent=8270"}],"curies":[{"name":"wp","href":"https:\/\/api.w.org\/{rel}","templated":true}]}}