{"id":82,"date":"2014-04-01T23:07:08","date_gmt":"2014-04-01T23:07:08","guid":{"rendered":"http:\/\/nordkapp-havfiske.local\/?page_id=82"},"modified":"2025-04-30T15:45:48","modified_gmt":"2025-04-30T13:45:48","slug":"forside","status":"publish","type":"page","link":"https:\/\/nordkapphavfiske.com\/de\/","title":{"rendered":"Willkommen zum Nordkap-Fischen"},"content":{"rendered":"<p><img loading=\"lazy\" decoding=\"async\" style=\"margin-left: 30px; margin-bottom: 30px;\" src=\"https:\/\/nordkapphavfiske.com\/wp-content\/uploads\/2014\/04\/havfiske2.jpg\" alt=\"havfiske2\" width=\"322\" height=\"241\" align=\"right\" border=\"0\"><br \/>\n<strong>Hier ist das Angebot, dass Ihnen die Gelegenheit gibt in einem der&nbsp;fischreichsten Fjorde der Welt zu angeln. Wir sprechen hier vom Kam\u00f8yfjord in der Gemeinde Nordkap, mit dem Fischerdorf Kam\u00f8yv\u00e6r am innersten Ende des Fjordes.<\/strong><\/p>\n<p>Der Kam\u00f8yfjord und das umliegende Meer bieten eine einzigartige M\u00f6glichkeit, die meisten in den arktischen Fischgew\u00e4ssern vorkommenden Fischarten an Land zu bringen: z.B. Dorsch, Steinbei\u00dfer, K\u00f6hler, Schellfisch, Rotbarsch und vielleicht einen Heilbutt, wenn Sie richtig t\u00fcchtig sind &#8211; oder Gl\u00fcck haben.Der Rekordfang f\u00fcr Heilbutt liegt hier bei 220 kg!!!<\/p>\n<p>Sie mieten eine eigene Wohnung mitsamt Boot (bis 24 Fu\u00df).<br \/>\nDazu geh\u00f6rt ein Kai mit 2 Filetierh\u00e4user und begehbaren Gefrierzellen, um den Fang des Tages zu bearbeiten.&nbsp;<\/p>\n<p>Auf Wunsch k\u00f6nnen Sie auch mit Reusen auf K\u00f6ningskrabbenfang gehen. Die enormen Tiere werden bis zu 6-7 kg schwer und leben entlang der K\u00fcste und im Fjord.<\/p>\n<p>&nbsp;<\/p>\n<p>&nbsp;<\/p>\n<p><img loading=\"lazy\" decoding=\"async\" style=\"margin-left: 25px; margin-top: 25px;\" src=\"https:\/\/nordkapphavfiske.com\/wp-content\/uploads\/2014\/04\/Havfiske-i-Nordkapp-Thor-Sverre-Hansen.jpg\" alt=\"Havfiske-i-Nordkapp---Thor-Sverre-Hansen\" width=\"200\" height=\"265\" align=\"right\"><\/p>\n<h2 style=\"display: flex; align-items: center;\"><img loading=\"lazy\" decoding=\"async\" class=\"size-full wp-image-13498\" src=\"https:\/\/nordkapphavfiske.com\/wp-content\/uploads\/2025\/04\/fangstgaranti-\u2013-lite.png\" alt=\"fangstgaranti\" width=\"56\" height=\"56\" srcset=\"https:\/\/nordkapphavfiske.com\/wp-content\/uploads\/2025\/04\/fangstgaranti-\u2013-lite.png 320w, https:\/\/nordkapphavfiske.com\/wp-content\/uploads\/2025\/04\/fangstgaranti-\u2013-lite-300x300.png 300w, https:\/\/nordkapphavfiske.com\/wp-content\/uploads\/2025\/04\/fangstgaranti-\u2013-lite-150x150.png 150w\" sizes=\"auto, (max-width: 56px) 100vw, 56px\" \/>GARANTIERTER FANG*<\/h2>\n<p>Falls Sie im Laufe von 24 Stunden keinen Fisch ins Boot gezogen haben, sind Aufenthalt und Bootsmiete<br \/>\nGRATIS. ZUS\u00c4TZLICH bezahlen wir Ihre Heimreise.<br \/>\n*( Vorrausgesetzt, Sie buchen einen Kutter mit einheimischem Fischer und dieWetterverh\u00e4ltnisse gestatten es!).<\/p>\n<p>&nbsp;<\/p>\n","protected":false},"excerpt":{"rendered":"<p>Hier ist das Angebot, dass Ihnen die Gelegenheit gibt in einem der&nbsp;fischreichsten Fjorde der Welt zu angeln. Wir sprechen hier vom Kam\u00f8yfjord in der Gemeinde Nordkap, mit dem Fischerdorf Kam\u00f8yv\u00e6r am innersten Ende des Fjordes. Der Kam\u00f8yfjord und das umliegende Meer bieten eine einzigartige M\u00f6glichkeit, die meisten in den arktischen Fischgew\u00e4ssern vorkommenden Fischarten an Land &#8230; <a title=\"Willkommen zum Nordkap-Fischen\" class=\"read-more\" href=\"https:\/\/nordkapphavfiske.com\/de\/\" aria-label=\"Mehr Informationen \u00fcber Willkommen zum Nordkap-Fischen\">Weiterlesen<\/a><\/p>\n","protected":false},"author":1,"featured_media":0,"parent":0,"menu_order":0,"comment_status":"closed","ping_status":"open","template":"","meta":{"_monsterinsights_skip_tracking":false,"_monsterinsights_sitenote_active":false,"_monsterinsights_sitenote_note":"","_monsterinsights_sitenote_category":0,"ngg_post_thumbnail":0,"footnotes":""},"class_list":["post-82","page","type-page","status-publish"],"aioseo_notices":[],"_links":{"self":[{"href":"https:\/\/nordkapphavfiske.com\/de\/wp-json\/wp\/v2\/pages\/82","targetHints":{"allow":["GET"]}}],"collection":[{"href":"https:\/\/nordkapphavfiske.com\/de\/wp-json\/wp\/v2\/pages"}],"about":[{"href":"https:\/\/nordkapphavfiske.com\/de\/wp-json\/wp\/v2\/types\/page"}],"author":[{"embeddable":true,"href":"https:\/\/nordkapphavfiske.com\/de\/wp-json\/wp\/v2\/users\/1"}],"replies":[{"embeddable":true,"href":"https:\/\/nordkapphavfiske.com\/de\/wp-json\/wp\/v2\/comments?post=82"}],"version-history":[{"count":2,"href":"https:\/\/nordkapphavfiske.com\/de\/wp-json\/wp\/v2\/pages\/82\/revisions"}],"predecessor-version":[{"id":13605,"href":"https:\/\/nordkapphavfiske.com\/de\/wp-json\/wp\/v2\/pages\/82\/revisions\/13605"}],"wp:attachment":[{"href":"https:\/\/nordkapphavfiske.com\/de\/wp-json\/wp\/v2\/media?parent=82"}],"curies":[{"name":"wp","href":"https:\/\/api.w.org\/{rel}","templated":true}]}}