{"id":8173,"date":"2012-01-29T00:44:53","date_gmt":"2012-01-29T00:44:53","guid":{"rendered":"http:\/\/nordkapp-havfiske.local\/laksefiske-2\/"},"modified":"2014-04-11T22:58:04","modified_gmt":"2014-04-11T22:58:04","slug":"laksefiske","status":"publish","type":"page","link":"https:\/\/nordkapphavfiske.com\/de\/laksefiske\/","title":{"rendered":"Lachsangeln"},"content":{"rendered":"<h1><strong>Im Herzen der Finnmark, an der M\u00fcndung des Flusses Stabburselv in den Porsangerfjord, haben wir ein kleines idyllisches H\u00fctten-Anwesen aufgebaut.<\/strong><\/h1>\n<h3><strong>Hier finden Sie eine moderne H\u00fctte mit einer separaten, holzbeheizten Sauna, einem Whirlpool im Freien (Jacuzzi) und einer kleinen, gem\u00fctlichen Grillh\u00fctte.<\/strong><\/h3>\n<p><strong>Von der H\u00fctte aus, die abseits und f\u00fcr sich selbst am Meeresufer liegt, haben Sie eine prachtvolle Aussicht auf den n\u00f6rdlichsten Sch\u00e4reng\u00fcrtel der Welt. Die Landschaft ist von vereinzelten Kr\u00fcppelbirkenw\u00e4ldchen und kargen Gebirgsformationen gepr\u00e4gt. Der Ort eignet sich wunderbar als Ausgangspunkt f\u00fcr Jagd-, Angel- sowie Wandertouren in einem der sch\u00f6nsten Nationalparks Norwegens. Der Stabbursdalen Nationalpark liegt nur einen Steinwurf entfernt. Im Umkreis von einer Autostunde finden Sie nicht weniger als f\u00fcnf ausgezeichnete Lachsfl\u00fcsse, au\u00dferdem Tausende fischreicher Seen mit Forellen und Saiblingen, sowie weite Gebiete mit gutem, abwechslungsreichem Jagdterrain.<\/strong><\/p>\n<p style=\"text-align: left;\"><img loading=\"lazy\" decoding=\"async\" class=\" size-full wp-image-12\" alt=\"laksefiske2\" src=\"https:\/\/nordkapphavfiske.com\/wp-content\/uploads\/2012\/01\/laksefiske2.jpg\" width=\"652\" height=\"270\" srcset=\"https:\/\/nordkapphavfiske.com\/wp-content\/uploads\/2012\/01\/laksefiske2.jpg 652w, https:\/\/nordkapphavfiske.com\/wp-content\/uploads\/2012\/01\/laksefiske2-300x124.jpg 300w\" sizes=\"auto, (max-width: 652px) 100vw, 652px\" \/><\/p>\n<p style=\"text-align: left;\">F\u00fcr den Angler lohnt es sich, immer die Angelroute parat zu haben: Nicht selten kann man im Sommer entlang des Ufers springende Lachse und Seeforellen auf ihrem Weg zu den unz\u00e4hligen Brutpl\u00e4tzen entlang des Porsangerfjordes beobachten.<\/p>\n<p><span style=\"color: #000000; font-size: 1.4em; line-height: 1.5em;\">Nordlicht<\/span><\/p>\n<h3 style=\"text-align: left;\"><img loading=\"lazy\" decoding=\"async\" class=\" alignright size-full wp-image-13\" style=\"margin-left: 30px; float: right;\" title=\"Nordlys\" alt=\"nordlys1\" src=\"https:\/\/nordkapphavfiske.com\/wp-content\/uploads\/2012\/01\/nordlys1.jpg\" width=\"300\" height=\"200\" srcset=\"https:\/\/nordkapphavfiske.com\/wp-content\/uploads\/2012\/01\/nordlys1.jpg 600w, https:\/\/nordkapphavfiske.com\/wp-content\/uploads\/2012\/01\/nordlys1-300x200.jpg 300w\" sizes=\"auto, (max-width: 300px) 100vw, 300px\" \/><\/h3>\n<p>Im Winter, wenn die Landschaft unter einer wei\u00dfen Schneedecke verborgen liegt und der Fjord zugefroren ist, k\u00f6nnen Sie von hier aus das Polarlicht (Aurora Borealis) beobachten. Auf Grund der besonderen Topografie ist der Himmel hier sehr oft sternenklar; l\u00f6schen Sie alle Lichter und genie\u00dfen Sie vom warmen Jacuzzi aus eine spektakul\u00e4re Lichtshow! In unmittelbarer N\u00e4he der H\u00fctte f\u00fchren pr\u00e4parierte Skipisten Sie durch eine m\u00e4rchenhafte Winternatur. Oder Sie fahren mit Motorschlitten zu entlegeneren Gebirgsseen, wo unter dem Eis kapitale Saiblinge auf Sie warten.<\/p>\n<h3 style=\"text-align: left;\">Naturreservat med rikt fugleliv<\/h3>\n<p><img decoding=\"async\" class=\" alignright size-full wp-image-14\" style=\"margin-left: 30px; float: right;\" title=\"Dvergg\u00e5s\" alt=\"dvergg\u00e5s\" src=\"https:\/\/nordkapphavfiske.com\/wp-content\/uploads\/2012\/01\/dverggaas.jpg\" width=\"300\" srcset=\"https:\/\/nordkapphavfiske.com\/wp-content\/uploads\/2012\/01\/dverggaas.jpg 402w, https:\/\/nordkapphavfiske.com\/wp-content\/uploads\/2012\/01\/dverggaas-300x200.jpg 300w\" sizes=\"(max-width: 402px) 100vw, 402px\" \/>F\u00fcr Naturinteressierte, besonders Vogelbeobachter, ist das Naturreservat &#8222;Stabbursdalen&#8220; mit dem Valdak-Moor sehr zu empfehlen. Das Gebiet liegt ganz in der N\u00e4he der H\u00fctte und ist besonders f\u00fcr seinen gro\u00dfen Bestand an sehr seltenen Zwergg\u00e4nsen (Anser erythropus) oder auch Knuttstrandl\u00e4ufern (Calidris canutus) bekannt. Von diesen wurden hier Schw\u00e4rme von bis zu 30 000 V\u00f6geln gez\u00e4hlt. Dieses Feuchtbiotop ist eines der wichtigsten in Norwegen und unterliegt der Ramsar-Konvention, einem internationalen \u00dcbereinkommen zum Schutz von Lebensraum f\u00fcr Wasser- und Watv\u00f6gel.<\/p>\n<p style=\"text-align: left;\">\u00a0<\/p>\n<p><strong>Kombinieren Sie doch Ihre Ferien mit einem Aufenthalt in Kam\u00f8yv\u00e6r<\/strong>&#8230;<\/p>\n<p>&#8230; einem kleinen idyllischen Fischerdorf an der K\u00fcste Finnmarks \u2013 ganz in der N\u00e4he der Nordkap-Klippe. Hier haben Sie Gelegenheit zum Hochseeangeln in einem der fischreichsten Gebiete der Barentssee \u2013 oder wie w\u00e4re es mit einer RIB-Safari, in einem stabilen Schlauchboot, zur Nordkapp-Klippe, wenn das Wetter es zul\u00e4sst?<\/p>\n<p>Auf Wunsch k\u00f6nnen Sie einen Guide f\u00fcr Ihre Wander-, Jagd- oder Angelausfl\u00fcge bestellen.\u00a0<\/p>\n<p><span style=\"font-size: medium;\">Falls Sie besondere W\u00fcnsche f\u00fcr Ihren Aufenthalt bei uns haben, fragen Sie bitte bei uns an.\u00a0<\/span><\/p>\n<p><span style=\"font-size: medium;\">Detaillierte Informationen um die verschiedenen Aktivit\u00e4ten entnehmen Sie bitte den entsprechenden Links.<\/span><\/p>\n","protected":false},"excerpt":{"rendered":"<p>Im Herzen der Finnmark, an der M\u00fcndung des Flusses Stabburselv in den Porsangerfjord, haben wir ein kleines idyllisches H\u00fctten-Anwesen aufgebaut. Hier finden Sie eine moderne H\u00fctte mit einer separaten, holzbeheizten Sauna, einem Whirlpool im Freien (Jacuzzi) und einer kleinen, gem\u00fctlichen Grillh\u00fctte. Von der H\u00fctte aus, die abseits und f\u00fcr sich selbst am Meeresufer liegt, haben &#8230; <a title=\"Lachsangeln\" class=\"read-more\" href=\"https:\/\/nordkapphavfiske.com\/de\/laksefiske\/\" aria-label=\"Mehr Informationen \u00fcber Lachsangeln\">Weiterlesen<\/a><\/p>\n","protected":false},"author":1,"featured_media":0,"parent":0,"menu_order":11,"comment_status":"closed","ping_status":"open","template":"","meta":{"_monsterinsights_skip_tracking":false,"_monsterinsights_sitenote_active":false,"_monsterinsights_sitenote_note":"","_monsterinsights_sitenote_category":0,"ngg_post_thumbnail":0,"footnotes":""},"class_list":["post-8173","page","type-page","status-publish"],"aioseo_notices":[],"_links":{"self":[{"href":"https:\/\/nordkapphavfiske.com\/de\/wp-json\/wp\/v2\/pages\/8173","targetHints":{"allow":["GET"]}}],"collection":[{"href":"https:\/\/nordkapphavfiske.com\/de\/wp-json\/wp\/v2\/pages"}],"about":[{"href":"https:\/\/nordkapphavfiske.com\/de\/wp-json\/wp\/v2\/types\/page"}],"author":[{"embeddable":true,"href":"https:\/\/nordkapphavfiske.com\/de\/wp-json\/wp\/v2\/users\/1"}],"replies":[{"embeddable":true,"href":"https:\/\/nordkapphavfiske.com\/de\/wp-json\/wp\/v2\/comments?post=8173"}],"version-history":[{"count":0,"href":"https:\/\/nordkapphavfiske.com\/de\/wp-json\/wp\/v2\/pages\/8173\/revisions"}],"wp:attachment":[{"href":"https:\/\/nordkapphavfiske.com\/de\/wp-json\/wp\/v2\/media?parent=8173"}],"curies":[{"name":"wp","href":"https:\/\/api.w.org\/{rel}","templated":true}]}}