{"id":8409,"date":"2012-01-29T00:45:25","date_gmt":"2012-01-29T00:45:25","guid":{"rendered":"http:\/\/nordkapp-havfiske.local\/havfiske-2\/"},"modified":"2026-01-13T02:36:39","modified_gmt":"2026-01-13T01:36:39","slug":"havfiske","status":"publish","type":"page","link":"https:\/\/nordkapphavfiske.com\/cs\/havfiske\/","title":{"rendered":"Rezervace"},"content":{"rendered":"\n<p>Pro rezervaci, kontaktujte na emailu: <a href=\"mailto:post@nordkapphavfiske.com\">post@nordkapphavfiske.com<\/a> nebo telefonu: +47 90 19 27 90<\/p>\n\n\n<h2>Mo\u017enost 1<\/h2>\n<p><img loading=\"lazy\" decoding=\"async\" style=\"margin: 0 0 30px 30px;\" src=\"https:\/\/nordkapphavfiske.com\/wp-content\/uploads\/2012\/01\/hus-alt-1.jpg\" alt=\"hus-alt-1\" width=\"250\" height=\"168\" align=\"right\"><\/p>\n<p><a class=\"button\" href=\"http:\/\/bookingtracker.com\/?5899&amp;EN&amp;P\" target=\"_cal\" rel=\"noopener\">Rezerva\u010dn\u00ed kalend\u00e1\u0159<\/a><\/p>\n<h4>Apartm\u00e1n:<\/h4>\n<p>Pln\u011b vybaven\u00fd apartm\u00e1n pro 4 osoby.<br>Spole\u010dn\u00fd ob\u00fdvac\u00ed pokoj, kuchy\u0148 a koupelna + 3 lo\u017enice. Spot\u0159ebi\u010de. Internet \/ WLAN.<\/p>\n<h4>\u010clun:<\/h4>\n<p><img loading=\"lazy\" decoding=\"async\" style=\"margin: 0 0 30px 30px;\" src=\"https:\/\/nordkapphavfiske.com\/wp-content\/uploads\/2012\/01\/alternativ 1 - baat.jpg\" alt=\"alternativ 1 - baat\" width=\"250\" height=\"188\" align=\"right\"><br>23 stop dlouh\u00fd hlin\u00edkov\u00fd \u010dlun<br>Motor: 115 hp Yamaha P\u0159\u00edv\u011bsn\u00fd. Benz\u00edn 4\/takt<br>Rychlost: 30 uzl\u016f Max<\/p>\n<p>Vybaven\u00ed: Sonar, GPS \/ n\u00e1mo\u0159n\u00ed mapa, dren\u00e1\u017en\u00ed \u010derpadlo, naviga\u010dn\u00ed sv\u011btla, t\u00eds\u0148ov\u00e9 rakety \/ sv\u011btlice.<\/p>\n<p><strong>Cena:<\/strong><\/p>\n<p>1 t\u00fdden: 28.348,- Nok (dle kurzu)<\/p>\n<p>Pozn.: cena ubytov\u00e1n\u00ed zahrnuje spot\u0159ebu elekt\u0159iny a vody, spot\u0159eba benz\u00ednu z \u010dlunu nen\u00ed zahrnuta v cen\u011b<\/p>\nngg_shortcode_0_placeholder\n<h2>Mo\u017enost 2<\/h2>\n<p><img loading=\"lazy\" decoding=\"async\" style=\"margin: 0 0 30px 30px;\" src=\"https:\/\/nordkapphavfiske.com\/wp-content\/uploads\/2012\/01\/Hus---alternativ-2.jpg\" alt=\"Hus---alternativ-2\" width=\"250\" height=\"188\" align=\"right\"><\/p>\n<p><a class=\"button\" href=\"http:\/\/bookingtracker.com\/?5900&amp;EN&amp;P\" target=\"_cal\" rel=\"noopener\">Rezerva\u010dn\u00ed kalend\u00e1\u0159<\/a><\/p>\n<h4>Apartm\u00e1n:<\/h4>\n<p>Pln\u011b vybaven\u00fd apartm\u00e1n pro 6 osob. 2 patra.<br>Spole\u010dn\u00fd ob\u00fdvac\u00ed pokoj, kuchy\u0148 a koupelna + 3 lo\u017enice. Spot\u0159ebi\u010de. Internet \/ WLAN.<\/p>\n<p><strong>\u010clun:<\/strong><br><img loading=\"lazy\" decoding=\"async\" style=\"margin: 0 0 30px 30px;\" src=\"https:\/\/nordkapphavfiske.com\/wp-content\/uploads\/2012\/01\/bat_alt2.jpg\" alt=\"bat alt2\" width=\"250\" height=\"188\" align=\"right\"><br>23 stop dlouh\u00fd hlin\u00edkov\u00fd&nbsp; \u010dlun<br>Motor: 115 hp Yamaha P\u0159\u00edv\u011bsn\u00fd. Benz\u00edn 4\/takt<br>Rychlost: 34 uzl\u016f Max<br>Vybaven\u00ed: Sonar, GPS \/ n\u00e1mo\u0159n\u00ed mapa, dren\u00e1\u017en\u00ed \u010derpadlo, naviga\u010dn\u00ed sv\u011btla, t\u00eds\u0148ov\u00e9 rakety \/ sv\u011btlice.<\/p>\n<p><strong>Cena:<\/strong><\/p>\n<p>1 t\u00fdden 5 osob: 35.436, &#8211; Nok (dle kurzu)<\/p>\n<p>1 t\u00fdden 6 osob: 42.522, &#8211; Nok (dle kurzu)<\/p>\n<p>Extra lo\u010f k dispozici<\/p>\n<p>Pozn.: cena ubytov\u00e1n\u00ed zahrnuje spot\u0159ebu elekt\u0159iny a vody, spot\u0159eba benz\u00ednu z \u010dlunu nen\u00ed zahrnuta v cen\u011b<\/p>\nngg_shortcode_1_placeholder\n<h2>Mo\u017enost 3<\/h2>\n<p><img loading=\"lazy\" decoding=\"async\" style=\"margin: 0 0 30px 30px;\" src=\"https:\/\/nordkapphavfiske.com\/wp-content\/uploads\/2012\/01\/DSC-0034-Kopi-640x424-300x198.jpg\" alt=\"\" width=\"250\" height=\"166\" align=\"right\"><\/p>\n<p><a class=\"button\" href=\"http:\/\/bookingtracker.com\/?5901&amp;EN&amp;P\" target=\"_cal\" rel=\"noopener\">Rezerva\u010dn\u00ed kalend\u00e1\u0159<\/a><\/p>\n<h4>Apartm\u00e1n:<\/h4>\n<p>Pln\u011b vybaven\u00fd apartm\u00e1n pro 4 osoby.<br>Spole\u010dn\u00fd ob\u00fdvac\u00ed pokoj, kuchy\u0148 a koupelna + 2 lo\u017enice. Spot\u0159ebi\u010de. Internet \/ WLAN.<\/p>\n<p><strong>\u010clun:<\/strong><br><img loading=\"lazy\" decoding=\"async\" style=\"margin: 0 0 30px 30px;\" src=\"https:\/\/nordkapphavfiske.com\/wp-content\/uploads\/2012\/01\/alternativ 1 - baat.jpg\" alt=\"alternativ 1 - baat\" width=\"250\" height=\"188\" align=\"right\"><br>23 stop dlouh\u00fd hlin\u00edkov\u00fd \u010dlunMotor: 115 hp Yamaha P\u0159\u00edv\u011bsn\u00fd. Benz\u00edn 4\/takt<\/p>\n<p>Rychlost: 30 uzl\u016f MaxVybaven\u00ed: Sonar, GPS \/ n\u00e1mo\u0159n\u00ed mapa, dren\u00e1\u017en\u00ed \u010derpadlo, naviga\u010dn\u00ed sv\u011btla, t\u00eds\u0148ov\u00e9 rakety \/ sv\u011btlice.<\/p>\n<p><strong>Cena: <\/strong><\/p>\n<p>1 t\u00fdden: 28.348, &#8211; Nok (dle kurzu)<\/p>\n<p>Pozn.: cena ubytov\u00e1n\u00ed zahrnuje spot\u0159ebu elekt\u0159iny a vody, spot\u0159eba benz\u00ednu z \u010dlunu nen\u00ed zahrnuta v cen\u011b<\/p>\nngg_shortcode_2_placeholder\n<h2>Mo\u017enost 4<\/h2>\n<p><img loading=\"lazy\" decoding=\"async\" style=\"margin: 0 0 30px 30px;\" src=\"https:\/\/nordkapphavfiske.com\/wp-content\/uploads\/2012\/01\/Alt.4.jpg\" alt=\"Alt.4\" width=\"250\" height=\"188\" align=\"right\"><\/p>\n<p><a class=\"button\" href=\"http:\/\/bookingtracker.com\/?6266&amp;EN&amp;P\" target=\"_cal\" rel=\"noopener\">Rezerva\u010dn\u00ed kalend\u00e1\u0159<\/a><\/p>\n<h4>Apartm\u00e1n:<\/h4>\n<p>Pln\u011b vybaven\u00fd apartm\u00e1n pro 4 osoby. Ob\u00fdvac\u00ed pokoj, kuchy\u0148 a koupelna + 2 lo\u017enice. Spot\u0159ebi\u010de. Internet \/ WLAN.<\/p>\n<p><strong>\u010clun:<\/strong><br><img loading=\"lazy\" decoding=\"async\" style=\"margin: 0 0 30px 30px;\" src=\"https:\/\/nordkapphavfiske.com\/wp-content\/uploads\/2012\/01\/alternativ 1 - baat.jpg\" alt=\"alternativ 1 - baat\" width=\"250\" height=\"188\" align=\"right\"><br>23 stop dlouh\u00fd hlin\u00edkov\u00fd \u010dlun<br>Motor: 115 hp Yamaha P\u0159\u00edv\u011bsn\u00fd. Benz\u00edn 4\/takt.<br>Rychlost: 30 uzl\u016f Max.<br>Vybaven\u00ed: Sonar, GPS \/ n\u00e1mo\u0159n\u00ed mapa, t\u00eds\u0148ov\u00e9 rakety\/sv\u011btlice<\/p>\n<p><strong>Cena:<\/strong><\/p>\n<p>1 t\u00fdden 4 osob: 28.348, &#8211; Nok (dle kurzu)<\/p>\n<p>1 t\u00fdden 5 osob: 35.436, &#8211; Nok (dle kurzu)<\/p>\n<p>Extra lo\u010f k dispozici<\/p>\n<p>Pozn.: cena ubytov\u00e1n\u00ed zahrnuje spot\u0159ebu elekt\u0159iny a vody, spot\u0159eba benz\u00ednu z \u010dlunu nen\u00ed zahrnuta v cen\u011b<\/p>\nngg_shortcode_3_placeholder\n<h2>Mo\u017enost 5<\/h2>\n<p><img loading=\"lazy\" decoding=\"async\" style=\"margin: 0 0 30px 30px;\" src=\"https:\/\/nordkapphavfiske.com\/wp-content\/uploads\/2012\/01\/hus-framside-300x225.jpg\" alt=\"\" width=\"250\" height=\"188\" align=\"right\"><\/p>\n<p><a class=\"button\" href=\"http:\/\/bookingtracker.com\/?5946&amp;EN&amp;P\" target=\"_cal\" rel=\"noopener\">Rezerva\u010dn\u00ed kalend\u00e1\u0159<\/a><\/p>\n<h4>Apartm\u00e1n:<\/h4>\n<p>Pln\u011b vybaven\u00fd apartm\u00e1n pro 7 osoby. Ob\u00fdvac\u00ed pokoj, kuchy\u0148 a koupelna + 4 lo\u017enice. Spot\u0159ebi\u010de. Internet \/ WLAN.<\/p>\n<p><strong>\u010clun:<\/strong><br><img loading=\"lazy\" decoding=\"async\" style=\"margin: 0 0 30px 30px;\" src=\"https:\/\/nordkapphavfiske.com\/wp-content\/uploads\/2012\/01\/alternativ 1 - baat.jpg\" alt=\"alternativ 1 - baat\" width=\"250\" height=\"188\" align=\"right\"><br>24 stop dlouh\u00fd hlin\u00edkov\u00fd \u010dlun<br>Motor: 130 hp Yamaha P\u0159\u00edv\u011bsn\u00fd. Benz\u00edn 4\/takt.<br>Rychlost: 30 uzl\u016f Max.<br>Vybaven\u00ed: Sonar, GPS \/ n\u00e1mo\u0159n\u00ed mapa, t\u00eds\u0148ov\u00e9 rakety\/sv\u011btlice<\/p>\n<p><strong>Cena:<\/strong><\/p>\n<p>1 t\u00fdden 5 osob: 35.436, &#8211; Nok (dle kurzu)<\/p>\n<p>1 t\u00fdden 6 osob: 42.522, &#8211; Nok (dle kurzu)<\/p>\n<p>1 t\u00fdden 7 osob: 49.610, &#8211; Nok (dle kurzu)<\/p>\n<p>Extra lo\u010f k dispozici<\/p>\n<p>Pozn.: cena ubytov\u00e1n\u00ed zahrnuje spot\u0159ebu elekt\u0159iny a vody, spot\u0159eba benz\u00ednu z \u010dlunu nen\u00ed zahrnuta v cen\u011b<\/p>\nngg_shortcode_4_placeholder\n<h2>Mo\u017enost 6<\/h2>\n<p><img loading=\"lazy\" decoding=\"async\" style=\"margin: 0 0 30px 30px;\" src=\"https:\/\/nordkapphavfiske.com\/wp-content\/uploads\/2012\/01\/yy-300x225.jpg\" alt=\"\" width=\"250\" height=\"188\" align=\"right\"><\/p>\n<p><a class=\"button\" href=\"http:\/\/bookingtracker.com\/?5947&amp;EN&amp;P\" target=\"_cal\" rel=\"noopener\">Rezerva\u010dn\u00ed kalend\u00e1\u0159<\/a><\/p>\n<h4>Apartm\u00e1n:<\/h4>\n<p>Pln\u011b vybaven\u00fd apartm\u00e1n pro 4 osoby. Ob\u00fdvac\u00ed pokoj, kuchy\u0148 a koupelna + 2 lo\u017enice. Spot\u0159ebi\u010de. Internet \/ WLAN.<\/p>\n<p><strong>\u010clun:<\/strong><br><img loading=\"lazy\" decoding=\"async\" style=\"margin: 0 0 30px 30px;\" src=\"https:\/\/nordkapphavfiske.com\/wp-content\/uploads\/2012\/01\/alternativ 1 - baat.jpg\" alt=\"alternativ 1 - baat\" width=\"250\" height=\"188\" align=\"right\"><br>23 stop dlouh\u00fd hlin\u00edkov\u00fd \u010dlun<br>Motor: 115 hp Yamaha P\u0159\u00edv\u011bsn\u00fd. Benz\u00edn 4\/takt.<br>Rychlost: 30 uzl\u016f Max.<br>Vybaven\u00ed: Sonar, GPS \/ n\u00e1mo\u0159n\u00ed mapa, t\u00eds\u0148ov\u00e9 rakety\/sv\u011btlice<\/p>\n<p><strong>Cena: <\/strong><\/p>\n<p>1 t\u00fdden: 28.348, &#8211; Nok (dle kurzu)<\/p>\n<p>Pozn.: cena ubytov\u00e1n\u00ed zahrnuje spot\u0159ebu elekt\u0159iny a vody, spot\u0159eba benz\u00ednu z \u010dlunu nen\u00ed zahrnuta v cen\u011b<\/p>\nngg_shortcode_5_placeholder","protected":false},"excerpt":{"rendered":"<p>Pro rezervaci, kontaktujte na emailu: post@nordkapphavfiske.com nebo telefonu: +47 90 19 27 90 Mo\u017enost 1 Rezerva\u010dn\u00ed kalend\u00e1\u0159 Apartm\u00e1n: Pln\u011b vybaven\u00fd apartm\u00e1n pro 4 osoby.Spole\u010dn\u00fd ob\u00fdvac\u00ed pokoj, kuchy\u0148 a koupelna + 3 lo\u017enice. Spot\u0159ebi\u010de. Internet \/ WLAN. \u010clun: 23 stop dlouh\u00fd hlin\u00edkov\u00fd \u010dlunMotor: 115 hp Yamaha P\u0159\u00edv\u011bsn\u00fd. Benz\u00edn 4\/taktRychlost: 30 uzl\u016f Max Vybaven\u00ed: Sonar, GPS \/ &#8230; <a title=\"Rezervace\" class=\"read-more\" href=\"https:\/\/nordkapphavfiske.com\/cs\/havfiske\/\" aria-label=\"Read more about Rezervace\">\u010c\u00edst d\u00e1l<\/a><\/p>\n","protected":false},"author":1,"featured_media":0,"parent":0,"menu_order":9,"comment_status":"closed","ping_status":"open","template":"","meta":{"_monsterinsights_skip_tracking":false,"_monsterinsights_sitenote_active":false,"_monsterinsights_sitenote_note":"","_monsterinsights_sitenote_category":0,"ngg_post_thumbnail":0,"footnotes":""},"class_list":["post-8409","page","type-page","status-publish"],"aioseo_notices":[],"_links":{"self":[{"href":"https:\/\/nordkapphavfiske.com\/cs\/wp-json\/wp\/v2\/pages\/8409","targetHints":{"allow":["GET"]}}],"collection":[{"href":"https:\/\/nordkapphavfiske.com\/cs\/wp-json\/wp\/v2\/pages"}],"about":[{"href":"https:\/\/nordkapphavfiske.com\/cs\/wp-json\/wp\/v2\/types\/page"}],"author":[{"embeddable":true,"href":"https:\/\/nordkapphavfiske.com\/cs\/wp-json\/wp\/v2\/users\/1"}],"replies":[{"embeddable":true,"href":"https:\/\/nordkapphavfiske.com\/cs\/wp-json\/wp\/v2\/comments?post=8409"}],"version-history":[{"count":3,"href":"https:\/\/nordkapphavfiske.com\/cs\/wp-json\/wp\/v2\/pages\/8409\/revisions"}],"predecessor-version":[{"id":13753,"href":"https:\/\/nordkapphavfiske.com\/cs\/wp-json\/wp\/v2\/pages\/8409\/revisions\/13753"}],"wp:attachment":[{"href":"https:\/\/nordkapphavfiske.com\/cs\/wp-json\/wp\/v2\/media?parent=8409"}],"curies":[{"name":"wp","href":"https:\/\/api.w.org\/{rel}","templated":true}]}}