{"id":8288,"date":"2012-01-29T00:46:35","date_gmt":"2012-01-29T00:46:35","guid":{"rendered":"http:\/\/nordkapp-havfiske.local\/om-oss-2\/"},"modified":"2025-04-08T10:19:13","modified_gmt":"2025-04-08T10:19:13","slug":"om-oss","status":"publish","type":"page","link":"https:\/\/nordkapphavfiske.com\/cs\/om-oss\/","title":{"rendered":"O n\u00e1s"},"content":{"rendered":"<p><img loading=\"lazy\" decoding=\"async\" class=\"alignright wp-image-26 size-medium\" style=\"margin-left: 30px; float: right;\" src=\"https:\/\/nordkapphavfiske.com\/wp-content\/uploads\/2012\/01\/vertskapet-300x225.jpg\" alt=\"vertskapet\" width=\"300\" height=\"225\" srcset=\"https:\/\/nordkapphavfiske.com\/wp-content\/uploads\/2012\/01\/vertskapet-300x225.jpg 300w, https:\/\/nordkapphavfiske.com\/wp-content\/uploads\/2012\/01\/vertskapet.jpg 500w\" sizes=\"auto, (max-width: 300px) 100vw, 300px\" \/><\/p>\n<h2>Bude o V\u00e1s dob\u0159e postar\u00e1no!<\/h2>\n<p>Nordkapp Havfiske poskytl neoby\u010dejn\u00e9 z\u00e1\u017eitky z rybolovu a spoustu dobrodru\u017estv\u00ed pro v\u00edce ne\u017e tis\u00edc spokojen\u00fdch z\u00e1kazn\u00edk\u016f za posledn\u00edch 20 let. Klademe velk\u00fd d\u016fraz na V\u00e1s, na\u0161e hosty a chceme, aby jste se c\u00edtili v\u00edt\u00e1ni a byli spokojeni s na\u0161imi slu\u017ebami.<\/p>\n<p>Sna\u017e\u00edme se ve sv\u00e9m oboru odv\u00e1d\u011bt profesion\u00e1ln\u00ed pr\u00e1ci. Na\u0161e priority jsme zam\u011b\u0159ili na bezpe\u010dnost a ochranu, dobr\u00fd standard vybaven\u00ed, bydlen\u00ed a vysokou \u00farove\u0148 slu\u017eeb. To v\u0161e k Va\u0161\u00ed v\u0161estrann\u00e9 spokojenosti. Srde\u010dn\u011b V\u00e1s na Nordkappu p\u0159iv\u00edt\u00e1me a p\u0159ejeme V\u00e1m jen p\u0159\u00edjemn\u00e9&nbsp; z\u00e1\u017eitky&nbsp; na cel\u00fd \u017eivot!&nbsp;<\/p>\n<p>Na shledanou se t\u011b\u0161\u00ed,<\/p>\n<p>Anna a Thor Sverre.<\/p>\n<p>&nbsp;<\/p>\n<p>&nbsp;<\/p>\n","protected":false},"excerpt":{"rendered":"<p>Bude o V\u00e1s dob\u0159e postar\u00e1no! Nordkapp Havfiske poskytl neoby\u010dejn\u00e9 z\u00e1\u017eitky z rybolovu a spoustu dobrodru\u017estv\u00ed pro v\u00edce ne\u017e tis\u00edc spokojen\u00fdch z\u00e1kazn\u00edk\u016f za posledn\u00edch 20 let. Klademe velk\u00fd d\u016fraz na V\u00e1s, na\u0161e hosty a chceme, aby jste se c\u00edtili v\u00edt\u00e1ni a byli spokojeni s na\u0161imi slu\u017ebami. Sna\u017e\u00edme se ve sv\u00e9m oboru odv\u00e1d\u011bt profesion\u00e1ln\u00ed pr\u00e1ci. Na\u0161e priority &#8230; <a title=\"O n\u00e1s\" class=\"read-more\" href=\"https:\/\/nordkapphavfiske.com\/cs\/om-oss\/\" aria-label=\"Read more about O n\u00e1s\">\u010c\u00edst d\u00e1l<\/a><\/p>\n","protected":false},"author":1,"featured_media":0,"parent":0,"menu_order":3,"comment_status":"closed","ping_status":"open","template":"","meta":{"_monsterinsights_skip_tracking":false,"_monsterinsights_sitenote_active":false,"_monsterinsights_sitenote_note":"","_monsterinsights_sitenote_category":0,"ngg_post_thumbnail":0,"footnotes":""},"class_list":["post-8288","page","type-page","status-publish"],"aioseo_notices":[],"_links":{"self":[{"href":"https:\/\/nordkapphavfiske.com\/cs\/wp-json\/wp\/v2\/pages\/8288","targetHints":{"allow":["GET"]}}],"collection":[{"href":"https:\/\/nordkapphavfiske.com\/cs\/wp-json\/wp\/v2\/pages"}],"about":[{"href":"https:\/\/nordkapphavfiske.com\/cs\/wp-json\/wp\/v2\/types\/page"}],"author":[{"embeddable":true,"href":"https:\/\/nordkapphavfiske.com\/cs\/wp-json\/wp\/v2\/users\/1"}],"replies":[{"embeddable":true,"href":"https:\/\/nordkapphavfiske.com\/cs\/wp-json\/wp\/v2\/comments?post=8288"}],"version-history":[{"count":0,"href":"https:\/\/nordkapphavfiske.com\/cs\/wp-json\/wp\/v2\/pages\/8288\/revisions"}],"wp:attachment":[{"href":"https:\/\/nordkapphavfiske.com\/cs\/wp-json\/wp\/v2\/media?parent=8288"}],"curies":[{"name":"wp","href":"https:\/\/api.w.org\/{rel}","templated":true}]}}