{"id":8256,"date":"2012-02-20T22:07:26","date_gmt":"2012-02-20T22:07:26","guid":{"rendered":"http:\/\/nordkapp-havfiske.local\/finn-frem-hit-2\/"},"modified":"2014-04-11T23:23:54","modified_gmt":"2014-04-11T23:23:54","slug":"finn-frem-hit","status":"publish","type":"page","link":"https:\/\/nordkapphavfiske.com\/cs\/finn-frem-hit\/","title":{"rendered":"Finn frem hit"},"content":{"rendered":"<p>\n<iframe loading=\"lazy\" width=\"425\" height=\"350\" frameborder=\"0\" scrolling=\"no\" marginheight=\"0\" marginwidth=\"0\" src=\"http:\/\/maps.google.com\/maps?f=q&amp;source=s_q&amp;hl=no&amp;geocode=&amp;q=B%C3%A6vkopp,+Finnmark,+Norge&amp;aq=0&amp;oq=b%C3%A6v,+Finnmark,+Norge&amp;sll=70.372204,26.709137&amp;sspn=0.06585,0.336113&amp;ie=UTF8&amp;hq=&amp;hnear=B%C3%A6vkopp,+Finnmark,+Norge&amp;t=m&amp;z=14&amp;iwloc=A&amp;output=embed\"><\/iframe><br \/><small><a href=\"http:\/\/maps.google.com\/maps?f=q&amp;source=embed&amp;hl=no&amp;geocode=&amp;q=B%C3%A6vkopp,+Finnmark,+Norge&amp;aq=0&amp;oq=b%C3%A6v,+Finnmark,+Norge&amp;sll=70.372204,26.709137&amp;sspn=0.06585,0.336113&amp;ie=UTF8&amp;hq=&amp;hnear=B%C3%A6vkopp,+Finnmark,+Norge&amp;t=m&amp;z=14&amp;iwloc=A&quot;\u00a0\" style=\"color:#dd2d1f;text-align:left;font-size:14pt\" ;=\"\" target=\"_blank\">Trykk her for \u00e5 g\u00e5 til st\u00f8rre kart<\/a><\/small> <\/p>\n<p><tt><\/tt><\/p>\n","protected":false},"excerpt":{"rendered":"<p>Trykk her for \u00e5 g\u00e5 til st\u00f8rre kart<\/p>\n","protected":false},"author":1,"featured_media":0,"parent":0,"menu_order":1,"comment_status":"closed","ping_status":"open","template":"","meta":{"_monsterinsights_skip_tracking":false,"_monsterinsights_sitenote_active":false,"_monsterinsights_sitenote_note":"","_monsterinsights_sitenote_category":0,"ngg_post_thumbnail":0,"footnotes":""},"class_list":["post-8256","page","type-page","status-publish"],"aioseo_notices":[],"_links":{"self":[{"href":"https:\/\/nordkapphavfiske.com\/cs\/wp-json\/wp\/v2\/pages\/8256","targetHints":{"allow":["GET"]}}],"collection":[{"href":"https:\/\/nordkapphavfiske.com\/cs\/wp-json\/wp\/v2\/pages"}],"about":[{"href":"https:\/\/nordkapphavfiske.com\/cs\/wp-json\/wp\/v2\/types\/page"}],"author":[{"embeddable":true,"href":"https:\/\/nordkapphavfiske.com\/cs\/wp-json\/wp\/v2\/users\/1"}],"replies":[{"embeddable":true,"href":"https:\/\/nordkapphavfiske.com\/cs\/wp-json\/wp\/v2\/comments?post=8256"}],"version-history":[{"count":0,"href":"https:\/\/nordkapphavfiske.com\/cs\/wp-json\/wp\/v2\/pages\/8256\/revisions"}],"wp:attachment":[{"href":"https:\/\/nordkapphavfiske.com\/cs\/wp-json\/wp\/v2\/media?parent=8256"}],"curies":[{"name":"wp","href":"https:\/\/api.w.org\/{rel}","templated":true}]}}